{"id":4306,"date":"2017-01-11T13:25:51","date_gmt":"2017-01-11T13:25:51","guid":{"rendered":"http:\/\/gt3demo.com\/wp\/wizelaw\/?page_id=14"},"modified":"2023-07-05T16:36:03","modified_gmt":"2023-07-05T16:36:03","slug":"home-2","status":"publish","type":"page","link":"http:\/\/www.sementesurfschool.pt\/pt\/","title":{"rendered":"Main"},"content":{"rendered":"<section class=\"wpb-content-wrapper\"><div id=\"welcome_to_the_surfy\" data-vc-full-width=\"true\" data-vc-full-width-init=\"false\" data-vc-stretch-content=\"true\" class=\"vc_row-wrapper vc_row wpb_row vc_row-fluid vc_custom_1559728455567 vc_row-no-padding gt3_mask_image\" style=\"-webkit-mask-image: url(http:\/\/www.sementesurfschool.pt\/wp-content\/uploads\/2018\/05\/pattern_bottom.png);    mask-image: url(http:\/\/www.sementesurfschool.pt\/wp-content\/uploads\/2018\/05\/pattern_bottom.png);    \"><div class=\"wpb_column vc_column_container vc_col-sm-12\"><div class=\"vc_column-inner\"><div class=\"wpb_wrapper\"><div class=\"wpb_revslider_element wpb_content_element\">\n\t\t\t<!-- START home_029 REVOLUTION SLIDER 6.6.14 --><p class=\"rs-p-wp-fix\"><\/p>\n\t\t\t<rs-module-wrap id=\"rev_slider_10_1_wrapper\" data-source=\"gallery\" style=\"visibility:hidden;background:linear-gradient(0deg, rgba(137,138,143,1) 0%, rgba(13,99,163,1) 100%);padding:0;margin:0px auto;margin-top:0;margin-bottom:0;\">\n\t\t\t\t<rs-module id=\"rev_slider_10_1\" style=\"\" data-version=\"6.6.14\">\n\t\t\t\t\t<rs-slides style=\"overflow: hidden; position: absolute;\">\n\t\t\t\t\t\t<rs-slide style=\"position: absolute;\" data-key=\"rs-28\" data-title=\"Slide\" data-anim=\"ms:600;\" data-in=\"o:0;\" data-out=\"a:false;\">\n\t\t\t\t\t\t\t<img decoding=\"async\" src=\"\/\/www.sementesurfschool.pt\/wp-content\/plugins\/revslider\/public\/assets\/assets\/dummy.png\" alt=\"\" title=\"Pagina-inicial\" width=\"1920\" height=\"1080\" class=\"rev-slidebg tp-rs-img rs-lazyload\" data-lazyload=\"\/\/www.sementesurfschool.pt\/wp-content\/uploads\/2023\/04\/Pagina-inicial.jpg\" data-no-retina>\n<!--\n\t\t\t\t\t\t\t--><rs-layer\n\t\t\t\t\t\t\t\tid=\"slider-10-slide-28-layer-0\" \n\t\t\t\t\t\t\t\tdata-type=\"image\"\n\t\t\t\t\t\t\t\tdata-rsp_ch=\"on\"\n\t\t\t\t\t\t\t\tdata-xy=\"x:c;yo:628px,334px,253px,156px;\"\n\t\t\t\t\t\t\t\tdata-text=\"w:normal;s:20,10,7,4;l:0,13,9,6;\"\n\t\t\t\t\t\t\t\tdata-dim=\"w:212px,113px,85px,52px;h:163px,86px,65px,40px;\"\n\t\t\t\t\t\t\t\tdata-vbility=\"t,t,t,f\"\n\t\t\t\t\t\t\t\tdata-basealign=\"slide\"\n\t\t\t\t\t\t\t\tdata-frame_999=\"o:0;st:w;\"\n\t\t\t\t\t\t\t\tstyle=\"z-index:10;\"\n\t\t\t\t\t\t\t><img decoding=\"async\" src=\"\/\/www.sementesurfschool.pt\/wp-content\/plugins\/revslider\/public\/assets\/assets\/dummy.png\" alt=\"\" class=\"tp-rs-img rs-lazyload\" width=\"615\" height=\"474\" data-lazyload=\"\/\/www.sementesurfschool.pt\/wp-content\/uploads\/2023\/04\/semente_surf_school_logow.png\" data-no-retina> \n\t\t\t\t\t\t\t<\/rs-layer><!--\n\n\t\t\t\t\t\t\t--><rs-layer\n\t\t\t\t\t\t\t\tid=\"slider-10-slide-28-layer-1\" \n\t\t\t\t\t\t\t\tdata-type=\"text\"\n\t\t\t\t\t\t\t\tdata-rsp_ch=\"on\"\n\t\t\t\t\t\t\t\tdata-xy=\"x:c;yo:265px,120px,80px,60px;\"\n\t\t\t\t\t\t\t\tdata-text=\"s:18;l:18;ls:2px;fw:700;a:center;\"\n\t\t\t\t\t\t\t\tdata-frame_999=\"o:0;st:w;sR:8700;\"\n\t\t\t\t\t\t\t\tstyle=\"z-index:5;font-family:'Montserrat';\"\n\t\t\t\t\t\t\t>Bem vindo \u00e0  \n\t\t\t\t\t\t\t<\/rs-layer><!--\n\n\t\t\t\t\t\t\t--><rs-layer\n\t\t\t\t\t\t\t\tid=\"slider-10-slide-28-layer-2\" \n\t\t\t\t\t\t\t\tdata-type=\"image\"\n\t\t\t\t\t\t\t\tdata-rsp_ch=\"on\"\n\t\t\t\t\t\t\t\tdata-xy=\"x:c;yo:311px,170px,120px,100px;\"\n\t\t\t\t\t\t\t\tdata-text=\"l:22;a:inherit;\"\n\t\t\t\t\t\t\t\tdata-dim=\"w:['106px','106px','106px','106px'];h:['12px','12px','12px','12px'];\"\n\t\t\t\t\t\t\t\tdata-frame_999=\"o:0;st:w;sR:8700;\"\n\t\t\t\t\t\t\t\tstyle=\"z-index:6;\"\n\t\t\t\t\t\t\t><img decoding=\"async\" src=\"\/\/www.sementesurfschool.pt\/wp-content\/plugins\/revslider\/public\/assets\/assets\/dummy.png\" alt=\"\" class=\"tp-rs-img rs-lazyload\" width=\"106\" height=\"12\" data-lazyload=\"\/\/www.sementesurfschool.pt\/wp-content\/uploads\/2018\/05\/bg_title_zigzag_separator.png\" data-no-retina> \n\t\t\t\t\t\t\t<\/rs-layer><!--\n\n\t\t\t\t\t\t\t--><rs-layer\n\t\t\t\t\t\t\t\tid=\"slider-10-slide-28-layer-3\" \n\t\t\t\t\t\t\t\tdata-type=\"text\"\n\t\t\t\t\t\t\t\tdata-rsp_ch=\"on\"\n\t\t\t\t\t\t\t\tdata-xy=\"x:c;yo:366px,200px,150px,140px;\"\n\t\t\t\t\t\t\t\tdata-text=\"s:200,100,70,50;l:210,120,80,50;a:center,inherit,inherit,inherit;\"\n\t\t\t\t\t\t\t\tdata-frame_999=\"o:0;st:w;sR:8700;\"\n\t\t\t\t\t\t\t\tstyle=\"z-index:7;font-family:'Yellowtail';\"\n\t\t\t\t\t\t\t>Semente Surf School \n\t\t\t\t\t\t\t<\/rs-layer><!--\n\n\t\t\t\t\t\t\t--><rs-layer\n\t\t\t\t\t\t\t\tid=\"slider-10-slide-28-layer-7\" \n\t\t\t\t\t\t\t\tdata-type=\"text\"\n\t\t\t\t\t\t\t\tdata-rsp_ch=\"on\"\n\t\t\t\t\t\t\t\tdata-xy=\"x:c;y:b;yo:65px,35px,35px,35px;\"\n\t\t\t\t\t\t\t\tdata-text=\"l:22;a:inherit;\"\n\t\t\t\t\t\t\t\tdata-dim=\"w:45px;h:45px;\"\n\t\t\t\t\t\t\t\tdata-vbility=\"t,t,f,f\"\n\t\t\t\t\t\t\t\tdata-frame_999=\"o:0;st:w;sR:8700;\"\n\t\t\t\t\t\t\t\tstyle=\"z-index:9;font-family:'Open Sans';\"\n\t\t\t\t\t\t\t><a href=\"#welcome_to_the_surfy\" class=\"scroll_icon\"><\/a> \n\t\t\t\t\t\t\t<\/rs-layer><!--\n-->\t\t\t\t\t\t<\/rs-slide>\n\t\t\t\t\t<\/rs-slides>\n\t\t\t\t<\/rs-module>\n\t\t\t\t<script>\n\t\t\t\t\tsetREVStartSize({c: 'rev_slider_10_1',rl:[1240,1024,778,480],el:[1080,530,400,350],gw:[1920,1024,778,480],gh:[1080,530,400,350],type:'standard',justify:'',layout:'fullwidth',mh:\"0\"});if (window.RS_MODULES!==undefined && window.RS_MODULES.modules!==undefined && window.RS_MODULES.modules[\"revslider101\"]!==undefined) {window.RS_MODULES.modules[\"revslider101\"].once = false;window.revapi10 = undefined;if (window.RS_MODULES.checkMinimal!==undefined) window.RS_MODULES.checkMinimal()}\n\t\t\t\t<\/script>\n\t\t\t<\/rs-module-wrap>\n\t\t\t<!-- END REVOLUTION SLIDER -->\n<\/div><\/div><\/div><\/div><\/div><div class=\"vc_row-full-width vc_clearfix\"><\/div><div data-vc-full-width=\"true\" data-vc-full-width-init=\"false\" class=\"vc_row-wrapper vc_custom_1681128880458\"><div class=\"container\"><div class=\"vc_row wpb_row vc_row-fluid vc_row-has-fill vc_row-o-equal-height vc_row-flex\"  ><div class=\"wpb_column vc_column_container vc_col-sm-6\"><div class=\"vc_column-inner\"><div class=\"wpb_wrapper\"><\/div><\/div><\/div><div class=\"wpb_column vc_column_container vc_col-sm-6\"><div class=\"vc_column-inner vc_custom_1526047180310\"><div class=\"wpb_wrapper\"><div class=\"gt3_spacing gt3_spacing-height_mobile-on\"><div class=\"gt3_spacing-height gt3_spacing-height_default\" style=\"height:63px;\"><\/div> <div class=\"gt3_spacing-height gt3_spacing-height_mobile\" style=\"height:0px;\"><\/div><\/div>  \n<div data-color=\"#ffffff\" class=\"gt3_custom_text\" style=\"color:#27323d;font-family:Kaushan Script;font-weight:400;font-style:normal;font-size: 70px; line-height: 110%; \"> <div class=\"gt3_custom_text-font_size_tablet\" style=\"font-size:46px;line-height: 110%;\"> <div class=\"gt3_custom_text-font_size_mobile\" style=\"font-size:46px;line-height: 110%;\">\n<p style=\"text-align: center;\">Semente Surf School<\/p>\n <\/div> <\/div><\/div>  \n<div class=\"gt3_spacing\"><div class=\"gt3_spacing-height gt3_spacing-height_default\" style=\"height:39px;\"><\/div><\/div>  \n<div class=\"vc_separator wpb_content_element vc_separator_align_center vc_sep_width_40px vc_sep_pos_align_center vc_separator_no_text\" ><span class=\"vc_sep_holder vc_sep_holder_l\"><span  style=\"border-color:#27323d;\" class=\"vc_sep_line\"><\/span><\/span><span class=\"vc_sep_holder vc_sep_holder_r\"><span  style=\"border-color:#27323d;\" class=\"vc_sep_line\"><\/span><\/span>\n<\/div><div class=\"gt3_spacing\"><div class=\"gt3_spacing-height gt3_spacing-height_default\" style=\"height:41px;\"><\/div><\/div>  \n<div data-color=\"#ffffff\" class=\"gt3_custom_text\" style=\"color:#28323e;font-size: 16px; line-height: 190%; \">\n<p style=\"text-align: center;\">Welcome to Semente Surf School, Ericeira ! We offer you a range of lessons. Whether you are looking for private lessons, group lessons, kids lessons, or even shape workshop!<\/p>\n<\/div>  \n<div class=\"gt3_spacing\"><div class=\"gt3_spacing-height gt3_spacing-height_default\" style=\"height:30px;\"><\/div><\/div>  \n<div data-color=\"#ffffff\" class=\"gt3_custom_text\" style=\"color:#909aa3;font-size: 16px; line-height: 140%; \">\n<p style=\"text-align: center;\"><a class=\"view_all_link shortcode_button btn_normal btn_type1\" href=\"#\" title=\"Saiba Mais\">Saiba Mais<\/a><\/p>\n<\/div>  \n<div class=\"gt3_spacing gt3_spacing-height_mobile-on\"><div class=\"gt3_spacing-height gt3_spacing-height_default\" style=\"height:95px;\"><\/div> <div class=\"gt3_spacing-height gt3_spacing-height_mobile\" style=\"height:55px;\"><\/div><\/div>  \n<\/div><\/div><\/div><\/div><\/div><\/div><div class=\"vc_row-full-width vc_clearfix\"><\/div><div data-vc-full-width=\"true\" data-vc-full-width-init=\"false\" class=\"vc_row-wrapper vc_custom_1526278230267\"><div class=\"container\"><div class=\"vc_row wpb_row vc_row-fluid vc_row-has-fill\"  ><div class=\"wpb_column vc_column_container vc_col-sm-12\"><div class=\"vc_column-inner\"><div class=\"wpb_wrapper\"><div class=\"gt3_spacing gt3_spacing-height_mobile-on\"><div class=\"gt3_spacing-height gt3_spacing-height_default\" style=\"height:57px;\"><\/div> <div class=\"gt3_spacing-height gt3_spacing-height_mobile\" style=\"height:27px;\"><\/div><\/div>  \n<div class=\"vc_row wpb_row vc_inner vc_row-fluid\" ><div class=\"wpb_column vc_column_container vc_col-sm-7 vc_col-xs-7\"><div class=\"vc_column-inner\"><div class=\"wpb_wrapper\"><div data-color=\"#ffffff\" class=\"gt3_custom_text\" style=\"color:#ffffff;font-size: 30px; line-height: 140%; \"> <div class=\"gt3_custom_text-font_size_mobile\" style=\"font-size:26px;line-height: 140%;\"><span style=\"font-weight: bold;\" class=\"gt3_font-weight\">Nossas Aulas<\/span> <\/div><\/div>  \n<\/div><\/div><\/div><div class=\"wpb_column vc_column_container vc_col-sm-5 vc_col-xs-5\"><div class=\"vc_column-inner\"><div class=\"wpb_wrapper\">  \n<\/div><\/div><\/div><\/div><div class=\"gt3_spacing\"><div class=\"gt3_spacing-height gt3_spacing-height_default\" style=\"height:22px;\"><\/div><\/div>  \n<div data-color=\"#ffffff\" class=\"gt3_custom_text\" style=\"color:#c9d4dc;font-size: 16px; line-height: 190%; \">Nosso m\u00e9todo comprovado de ensinamento \u00e9 uma abordagem sistem\u00e1tica para ensinar \u00e0s pessoas a mec\u00e2nica adequada do acto de surfar. Nossas aulas incorporam uma parte em terra para aprender sobre as ondas e testar o equil\u00edbrio e sobra muito tempo para estarem na \u00e1gua com os instrutores para apanharem ondas.<\/div>  \n<div class=\"gt3_spacing\"><div class=\"gt3_spacing-height gt3_spacing-height_default\" style=\"height:44px;\"><\/div><\/div>  \n<div class=\"gt3_practice_list module_on_dark\"><div class=\"gt3_practice_list__posts-container row isotope\"><article class=\"gt3_practice_list__item span3 item_38 item_21\"><div class=\"gt3_practice_list__image-holder\"><a href=\"http:\/\/www.sementesurfschool.pt\/pt\/practice\/lessons-for-kids\/\" class=\"gt3_practice_list__image_link\"><img decoding=\"async\"  src=\"http:\/\/www.sementesurfschool.pt\/wp-content\/uploads\/2020\/05\/Experiencias-AC-scaled-586x446.jpg\" alt=\"Kids Lessons\" \/><\/a><\/div><div class=\"gt3_practice_list__content\"><h4 class=\"gt3_practice_list__title\">Aulas para Crian\u00e7as<\/h4><div class=\"gt3_practice_list__text\">Our kids group lessons runs daily at 9am and 16pm. We will teach your child with only professional equipment and team lesson....<\/div><\/div><\/article><article class=\"gt3_practice_list__item span3 item_45 item_44 item_43 item_21\"><div class=\"gt3_practice_list__image-holder\"><a href=\"http:\/\/www.sementesurfschool.pt\/pt\/practice\/shape-workshop\/\" class=\"gt3_practice_list__image_link\"><img decoding=\"async\"  src=\"http:\/\/www.sementesurfschool.pt\/wp-content\/uploads\/2023\/04\/semente_surf_school_nick-586x446.jpg\" alt=\"Shape Workshop\" \/><\/a><\/div><div class=\"gt3_practice_list__content\"><h4 class=\"gt3_practice_list__title\">Workshop de Shape<\/h4><div class=\"gt3_practice_list__text\">Podemos oferecer uma esperi\u00eancia de qualidade profissional com um dos melhores shapers<\/div><\/div><\/article><article class=\"gt3_practice_list__item span3 item_40 item_21\"><div class=\"gt3_practice_list__image-holder\"><a href=\"http:\/\/www.sementesurfschool.pt\/pt\/practice\/group-lessons\/\" class=\"gt3_practice_list__image_link\"><img decoding=\"async\"  src=\"http:\/\/www.sementesurfschool.pt\/wp-content\/uploads\/2020\/05\/Experiencias-AG-scaled-586x446.jpg\" alt=\"Group Lessons\" \/><\/a><\/div><div class=\"gt3_practice_list__content\"><h4 class=\"gt3_practice_list__title\">Aulas de Grupo<\/h4><div class=\"gt3_practice_list__text\">Our private group lessons are for groups of 3 or more.Our lessons are great for first timers wanting to get a jump start into...<\/div><\/div><\/article><article class=\"gt3_practice_list__item span3 item_39 item_21\"><div class=\"gt3_practice_list__image-holder\"><a href=\"http:\/\/www.sementesurfschool.pt\/pt\/practice\/private-lessons\/\" class=\"gt3_practice_list__image_link\"><img decoding=\"async\"  src=\"http:\/\/www.sementesurfschool.pt\/wp-content\/uploads\/2020\/05\/semente_surfschool_aulas_particulares_370x420-586x446.png\" alt=\"Private Lessons\" \/><\/a><\/div><div class=\"gt3_practice_list__content\"><h4 class=\"gt3_practice_list__title\">Aulas Particulares<\/h4><div class=\"gt3_practice_list__text\">Semente Surf School offers private surf instruction that allows students to work with an instructor one-on-one lesson is...<\/div><\/div><\/article><\/div><\/div><div class=\"gt3_spacing gt3_spacing-height_mobile-on\"><div class=\"gt3_spacing-height gt3_spacing-height_default\" style=\"height:30px;\"><\/div> <div class=\"gt3_spacing-height gt3_spacing-height_mobile\" style=\"height:0px;\"><\/div><\/div>  \n<\/div><\/div><\/div><\/div><\/div><\/div><div class=\"vc_row-full-width vc_clearfix\"><\/div><div data-vc-full-width=\"true\" data-vc-full-width-init=\"false\" class=\"vc_row-wrapper vc_custom_1681142143946\"><div class=\"container\"><div class=\"vc_row wpb_row vc_row-fluid vc_row-has-fill\"  ><div class=\"wpb_column vc_column_container vc_col-sm-12\"><div class=\"vc_column-inner\"><div class=\"wpb_wrapper\"><div class=\"gt3_spacing gt3_spacing-height_mobile-on\"><div class=\"gt3_spacing-height gt3_spacing-height_default\" style=\"height:57px;\"><\/div> <div class=\"gt3_spacing-height gt3_spacing-height_mobile\" style=\"height:27px;\"><\/div><\/div>  \n\n\n<div class=\"vc_row\">\n    <div class=\"vc_col-sm-12 module_team\">\n    <h3 class=\"module-team_title\">Conhe\u00e7a a nossa equipa<\/h3><p>Queremos garantir que tenha a melhor experi\u00eancia poss\u00edvel no oceano. Nossa equipe \u00e9 formada por entusiastas e profissionais do surf. Eles abra\u00e7am o estilo de vida do surf e n\u00e3o s\u00e3o apenas surfistas de alma, mas tamb\u00e9m s\u00e3o instrutores de surf qualificados pela FPS, especialistas em seguran\u00e7a aqu\u00e1tica, certificados em RCP e primeiros socorros!<\/p>    \t<div class=\"shortcode_team\">\n\t        <div class=\"items2\">\n\t        \t          <ul class=\"item_list\"  style=\"margin-right:-20px\" >\n\t         \t\t\r\n            <li class=\"item-team-member surf-instructor\"  style=\"padding-right:20px;padding-bottom:20px\">\r\n                <div class=\"item_wrapper\">\r\n                    <div class=\"item\">\r\n                        <div class=\"team_img featured_img\">\r\n                            <span> <img decoding=\"async\"  src=\"http:\/\/www.sementesurfschool.pt\/wp-content\/uploads\/2020\/01\/Equipa-2_miguel-585x585.png\" alt=\"Miguel Portela Uricchio\" \/><\/span>\r\n                        <\/div>\r\n                       <a class=\"team__link-to-single\" href=\"http:\/\/www.sementesurfschool.pt\/pt\/team\/miguel\/\"><\/a>\r\n\t\t\t\t\t\t<div class=\"member-icons\"><div class=\"team-icons\"><a href=\"https:\/\/www.facebook.com\/miguel.portela1\" class=\"member-icon fa fa-facebook\"><\/a><a href=\"https:\/\/www.instagram.com\/miguel_portela_uricchio\/\" class=\"member-icon fa fa-instagram\"><\/a><\/div><\/div>                        \r\n                        <div class=\"team-infobox\">\r\n                            <div class=\"team_title\">\r\n                                <h4><a href=\"http:\/\/www.sementesurfschool.pt\/pt\/team\/miguel\/\">Miguel Portela Uricchio<\/a><\/h4><span class=\"team-positions\"><span>Instrutor<\/span>, <span>Fundador<\/span><\/span>\r\n                            <\/div>\r\n                            \r\n                        <\/div>\r\n                    <\/div>\r\n                <\/div>\r\n            <\/li>\r\n            \r\n            <li class=\"item-team-member surf-instructor\"  style=\"padding-right:20px;padding-bottom:20px\">\r\n                <div class=\"item_wrapper\">\r\n                    <div class=\"item\">\r\n                        <div class=\"team_img featured_img\">\r\n                            <span> <img decoding=\"async\"  src=\"http:\/\/www.sementesurfschool.pt\/wp-content\/uploads\/2020\/01\/Equipa_lourenco-585x585.png\" alt=\"Louren\u00e7o Katzenstein\" \/><\/span>\r\n                        <\/div>\r\n                       <a class=\"team__link-to-single\" href=\"http:\/\/www.sementesurfschool.pt\/pt\/team\/lourenco_katzenstein\/\"><\/a>\r\n\t\t\t\t\t\t<div class=\"member-icons\"><div class=\"team-icons\"><a href=\"https:\/\/www.instagram.com\/katzsurf\/\" class=\"member-icon fa fa-instagram\"><\/a><\/div><\/div>                        \r\n                        <div class=\"team-infobox\">\r\n                            <div class=\"team_title\">\r\n                                <h4><a href=\"http:\/\/www.sementesurfschool.pt\/pt\/team\/lourenco_katzenstein\/\">Louren\u00e7o Katzenstein<\/a><\/h4><span class=\"team-positions\"><span>Surf Instructor<\/span>, <span>Fundador<\/span><\/span>\r\n                            <\/div>\r\n                            \r\n                        <\/div>\r\n                    <\/div>\r\n                <\/div>\r\n            <\/li>\r\n            \t            <\/ul>\n\t            <div class=\"clear\"><\/div>\n\t        <\/div>\n    \t<\/div>\n    <\/div>\n<\/div><div class=\"gt3_spacing gt3_spacing-height_mobile-on\"><div class=\"gt3_spacing-height gt3_spacing-height_default\" style=\"height:91px;\"><\/div> <div class=\"gt3_spacing-height gt3_spacing-height_mobile\" style=\"height:60px;\"><\/div><\/div>  \n<\/div><\/div><\/div><\/div><\/div><\/div><div class=\"vc_row-full-width vc_clearfix\"><\/div><div data-vc-full-width=\"true\" data-vc-full-width-init=\"false\" class=\"vc_row-wrapper vc_custom_1681146359637 gt3_mask_image\" style=\"-webkit-mask-image: url(http:\/\/www.sementesurfschool.pt\/wp-content\/uploads\/2018\/05\/pattern_top.png);    mask-image: url(http:\/\/www.sementesurfschool.pt\/wp-content\/uploads\/2018\/05\/pattern_top.png);    \"><div class=\"container\"><div class=\"vc_row wpb_row vc_row-fluid vc_row-has-fill vc_column-gap-15\"  ><div class=\"wpb_column vc_column_container vc_col-sm-12\"><div class=\"vc_column-inner\"><div class=\"wpb_wrapper\"><div class=\"gt3_spacing gt3_spacing-height_mobile-on\"><div class=\"gt3_spacing-height gt3_spacing-height_default\" style=\"height:97px;\"><\/div> <div class=\"gt3_spacing-height gt3_spacing-height_mobile\" style=\"height:47px;\"><\/div><\/div>  \n<div data-color=\"#ffffff\" class=\"gt3_custom_text\" style=\"color:#ffffff;font-size: 48px; line-height: 100%; \">\n<p style=\"text-align: center;\"><span style=\"font-weight: 300;\" class=\"gt3_font-weight\">Telefona j\u00e1 <a data-dtype=\"d3ph\" data-local-attribute=\"d3ph\" jscontroller=\"LWZElb\" href=\"https:\/\/www.google.com\/search?q=sementesurfschool&amp;oq=sementesurfschool&amp;aqs=chrome.0.69i59j69i60l5j69i65.4162j0j7&amp;sourceid=chrome&amp;ie=UTF-8#\" jsdata=\"QKGTRc;_;A2xQQE\" jsaction=\"rcuQ6b:npT2md;F75qrd\" data-ved=\"2ahUKEwiiz-ONpp_-AhVHUaQEHa0iCjwQkAgoAHoECHsQAw\"><span><span aria-label=\"Call phone number 918 515 876\">918 515 876<\/span><\/span><\/a><\/span><\/p>\n<\/div>  \n<div class=\"gt3_spacing\"><div class=\"gt3_spacing-height gt3_spacing-height_default\" style=\"height:13px;\"><\/div><\/div>  \n<div data-color=\"#ffffff\" class=\"gt3_custom_text\" style=\"color:#ffffff;font-size: 18px; line-height: 190%; \">\n<p style=\"text-align: center;\"><span style=\"font-weight: 400;\" class=\"gt3_font-weight\">SEMENTE SURF SCHOOL IS WAITING FOR YOU!<\/span><\/p>\n<\/div>  \n<div class=\"gt3_spacing\"><div class=\"gt3_spacing-height gt3_spacing-height_default\" style=\"height:59px;\"><\/div><\/div>  \n<div class=\"gt3_module_button gt3_btn_customize button_alignment_center\"><a class=\"button_size_large\" href=\"https:\/\/www.sementesurfschool.pt\/pt\/contacts\/\" title=\"Contactos\"  style=\"background-color: #eb5e6e; border-width: 1px; border-style: solid; border-radius: 3px; border-color: #eb5e6e; \" data-default-bg=\"#eb5e6e\" data-default-border=\"#eb5e6e\" data-hover-color=\"#eb5e6e\" data-hover-border=\"#ffffff\" ><span class=\"gt3_btn_text\">Contacta-nos<\/span><\/a><\/div>\n<div class=\"gt3_spacing\"><div class=\"gt3_spacing-height gt3_spacing-height_default\" style=\"height:103px;\"><\/div><\/div>  \n<div class=\"vc_separator wpb_content_element vc_separator_align_center vc_sep_width_100 vc_sep_pos_align_center vc_sep_color_blue vc_separator-has-text\" ><span class=\"vc_sep_holder vc_sep_holder_l\"><span  class=\"vc_sep_line\"><\/span><\/span><h4>Check our prices<\/h4><span class=\"vc_sep_holder vc_sep_holder_r\"><span  class=\"vc_sep_line\"><\/span><\/span>\n<\/div><div class=\"gt3_spacing\"><div class=\"gt3_spacing-height gt3_spacing-height_default\" style=\"height:103px;\"><\/div><\/div>  \n<div class=\"gt3_module_button  button_alignment_center\"><a class=\"button_size_normal btn_icon_position_left\" href=\"https:\/\/sementesurfschool.pt\/prices.pdf\"  target=\"_blank\" style=\"border-width: 1px; border-style: solid; \" ><div class=\"btn_icon_container\"><span class=\"gt3_btn_icon far fa-file-pdf\"  ><\/span><\/div><span class=\"gt3_btn_text\">Price List<\/span><\/a><\/div>\n<div data-color=\"#ffffff\" class=\"gt3_custom_text\" style=\"color:#909aa3;font-size: 16px; line-height: 140%; \">\n<p style=\"text-align: center;\"><a class=\"gt3_icon_link gt3_custom_color\" href=\"https:\/\/www.instagram.com\/sementesurfschool\/\" target=\"_blank\" style=\"font-size: 20px; color: #909aa3; margin-right: 9px; margin-left: 9px; margin-top: 10px;\" rel=\"noopener noreferrer\"><i class=\"fa fa-instagram\">\u00a0<\/i><\/a>\u00a0<a class=\"gt3_icon_link gt3_custom_color\" href=\"https:\/\/www.facebook.com\/sementesurfschool\" target=\"_blank\" style=\"font-size: 20px; color: #909aa3; margin-right: 9px; margin-left: 9px; margin-top: 10px;\" rel=\"noopener noreferrer\"><i class=\"fa fa-facebook\"> <\/i><\/a><\/p>\n<\/div>  \n<div class=\"gt3_spacing\"><div class=\"gt3_spacing-height gt3_spacing-height_default\" style=\"height:46px;\"><\/div><\/div>  \n<\/div><\/div><\/div><\/div><\/div><\/div><div class=\"vc_row-full-width vc_clearfix\"><\/div><div data-vc-full-width=\"true\" data-vc-full-width-init=\"false\" class=\"vc_row-wrapper vc_custom_1681146322973\"><div class=\"container\"><div class=\"vc_row wpb_row vc_row-fluid vc_row-has-fill\"  ><div class=\"wpb_column vc_column_container vc_col-sm-4\"><div class=\"vc_column-inner\"><div class=\"wpb_wrapper\"><div class=\"gt3_image_box gt3_icon_box gt3_icon_box_icon-position_top  gt3-box-image\"><i class=\"gt3_icon_box__icon\" ><img loading=\"lazy\" decoding=\"async\" width=\"240\" height=\"60\" src=\"http:\/\/www.sementesurfschool.pt\/wp-content\/uploads\/2023\/04\/semente_surf_school_logo_blue_buddha.png\" class=\"attachment-full size-full\" alt=\"\" \/><\/i><\/div>  \n<\/div><\/div><\/div><div class=\"wpb_column vc_column_container vc_col-sm-4\"><div class=\"vc_column-inner\"><div class=\"wpb_wrapper\"><div class=\"gt3_image_box gt3_icon_box gt3_icon_box_icon-position_top  gt3-box-image\"><i class=\"gt3_icon_box__icon\" ><img loading=\"lazy\" decoding=\"async\" width=\"240\" height=\"60\" src=\"http:\/\/www.sementesurfschool.pt\/wp-content\/uploads\/2023\/04\/semente_surf_school_logo_turismo_portugal_b.png\" class=\"attachment-full size-full\" alt=\"\" \/><\/i><\/div>  \n<\/div><\/div><\/div><div class=\"wpb_column vc_column_container vc_col-sm-4\"><div class=\"vc_column-inner\"><div class=\"wpb_wrapper\"><div class=\"gt3_image_box gt3_icon_box gt3_icon_box_icon-position_top  gt3-box-image\"><i class=\"gt3_icon_box__icon\" ><img loading=\"lazy\" decoding=\"async\" width=\"240\" height=\"60\" src=\"http:\/\/www.sementesurfschool.pt\/wp-content\/uploads\/2023\/04\/semente_surf_school_logo_semente.png\" class=\"attachment-full size-full\" alt=\"\" \/><\/i><\/div>  \n<\/div><\/div><\/div><\/div><\/div><\/div><div class=\"vc_row-full-width vc_clearfix\"><\/div>\n<\/section>","protected":false},"excerpt":{"rendered":"Personal Experience Louren\u00e7o is one of the bests Portuguese\u2019s surfers from his generation and from a young age fell in love with big waves. Local surfer from Ericeira, with a surf tradition running in his family, he decided not to follow the traditional surf performance path and specialized on perfect waves and barrels. This way [...]","protected":false},"author":1,"featured_media":0,"parent":0,"menu_order":0,"comment_status":"closed","ping_status":"closed","template":"full-width.php","meta":{"_monsterinsights_skip_tracking":false,"_monsterinsights_sitenote_active":false,"_monsterinsights_sitenote_note":"","_monsterinsights_sitenote_category":0,"_joinchat":[],"footnotes":""},"class_list":["post-4306","page","type-page","status-publish","hentry"],"aioseo_notices":[],"_links":{"self":[{"href":"http:\/\/www.sementesurfschool.pt\/pt\/wp-json\/wp\/v2\/pages\/4306","targetHints":{"allow":["GET"]}}],"collection":[{"href":"http:\/\/www.sementesurfschool.pt\/pt\/wp-json\/wp\/v2\/pages"}],"about":[{"href":"http:\/\/www.sementesurfschool.pt\/pt\/wp-json\/wp\/v2\/types\/page"}],"author":[{"embeddable":true,"href":"http:\/\/www.sementesurfschool.pt\/pt\/wp-json\/wp\/v2\/users\/1"}],"replies":[{"embeddable":true,"href":"http:\/\/www.sementesurfschool.pt\/pt\/wp-json\/wp\/v2\/comments?post=4306"}],"version-history":[{"count":35,"href":"http:\/\/www.sementesurfschool.pt\/pt\/wp-json\/wp\/v2\/pages\/4306\/revisions"}],"predecessor-version":[{"id":4591,"href":"http:\/\/www.sementesurfschool.pt\/pt\/wp-json\/wp\/v2\/pages\/4306\/revisions\/4591"}],"wp:attachment":[{"href":"http:\/\/www.sementesurfschool.pt\/pt\/wp-json\/wp\/v2\/media?parent=4306"}],"curies":[{"name":"wp","href":"https:\/\/api.w.org\/{rel}","templated":true}]}}